{"id":4463,"date":"2024-08-06T08:11:55","date_gmt":"2024-08-06T08:11:55","guid":{"rendered":"https:\/\/xorstudio.net\/politika-privatnosti\/"},"modified":"2025-06-04T10:01:38","modified_gmt":"2025-06-04T10:01:38","slug":"politika-privatnosti","status":"publish","type":"page","link":"https:\/\/xorstudio.net\/sr\/politika-privatnosti\/","title":{"rendered":"Politika Privatnosti"},"content":{"rendered":"\n<h2 class=\"wp-block-heading\">Ko smo mi<\/h2>\n\n<p><strong class=\"privacy-policy-tutorial\">Predlo\u017eeni tekst<\/strong>: Our website address is: https:\/\/xorstudio.net.<\/p>\n\n<h2 class=\"wp-block-heading\">Komentari<\/h2>\n\n<p><strong class=\"privacy-policy-tutorial\">Predlo\u017eeni tekst: <\/strong>Kada posetioci ostave komentare na sajtu, prikupljamo podatke prikazane u obrascu za komentare, kao i IP adresu posetioca i niz korisni\u010dkog agenta pregleda\u010da kako bismo pomogli u otkrivanju spama.<\/p>\n\n<p>Anonimizovani string kreiran iz va\u0161e imejl adrese (tako\u0111e nazvan he\u0161) mo\u017ee biti dostavljen Gravatar servisu kako bi se videlo da li ga koristite. Politika privatnosti Gravatar servisa je dostupna ovde: https:\/\/automattic.com\/privacy\/. Nakon odobrenja va\u0161eg komentara, va\u0161a slika profila je vidljiva javnosti u kontekstu va\u0161eg komentara. <\/p>\n\n<h2 class=\"wp-block-heading\">Mediji<\/h2>\n\n<p><strong class=\"privacy-policy-tutorial\">Predlo\u017eeni tekst: <\/strong>Ako otpremate slike na veb lokaciju, trebalo bi da izbegavate otpremanje slika sa ugra\u0111enim podacima o lokaciji (EXIF GPS). Posetioci veb lokacije mogu da preuzmu i izdvoje bilo koje podatke o lokaciji sa slika na veb lokaciji. <\/p>\n\n<h2 class=\"wp-block-heading\">Kola\u010di\u0107i<\/h2>\n\n<p><strong class=\"privacy-policy-tutorial\">Predlo\u017eeni tekst: <\/strong>Ako ostavite komentar na na\u0161em sajtu, mo\u017eete se prijaviti za \u010duvanje va\u0161eg imena, adrese e-po\u0161te i veb-sajta u kola\u010dic\u0301ima. Oni su za va\u0161u udobnost kako ne biste morali ponovo da popunjavate svoje podatke kada ostavljate sledec\u0301i komentar. Ovi kola\u010dic\u0301i c\u0301e trajati godinu dana.  <\/p>\n\n<p>Ako posetite na\u0161u stranicu za prijavu, postavic\u0301emo privremeni kola\u010dic\u0301 kako bismo utvrdili da li va\u0161 pregleda\u010d prihvata kola\u010dic\u0301e. Ovaj kola\u010dic\u0301 ne sadr\u017ei li\u010dne podatke i odbacuje se kada zatvorite pregleda\u010d. <\/p>\n\n<p>Kada se prijavite, podesic\u0301emo i nekoliko kola\u010dic\u0301a da bismo sa\u010duvali va\u0161e podatke za prijavu i va\u0161e izbore prikaza ekrana. Kola\u010dic\u0301i za prijavu traju dva dana, a kola\u010dic\u0301i za opcije ekrana traju godinu dana. Ako izaberete \u201eZapamti me\u201c, va\u0161a prijava c\u0301e trajati dve nedelje. Ako se odjavite sa svog naloga, kola\u010dic\u0301i za prijavu c\u0301e biti uklonjeni.   <\/p>\n\n<p>Ako izmenite ili objavite \u010dlanak, dodatni kola\u010dic\u0301 c\u0301e biti sa\u010duvan u va\u0161em pregleda\u010du. Ovaj kola\u010dic\u0301 ne sadr\u017ei li\u010dne podatke i jednostavno ozna\u010dava ID objave \u010dlanka koji ste upravo izmenili. Isti\u010de nakon 1 dan.  <\/p>\n\n<h2 class=\"wp-block-heading\">Ugra\u0111eni sadr\u017eaj sa drugih veb lokacija<\/h2>\n\n<p><strong class=\"privacy-policy-tutorial\">Predlo\u017eeni tekst:<\/strong> \u010clanci na ovoj stranici mogu da sadr\u017ee ugra\u0111eni sadr\u017eaj (npr. video zapise, slike, \u010dlanke itd.). Ugra\u0111eni sadr\u017eaj sa drugih veb stranica pona\u0161a se na potpuno isti na\u010din kao da je posetilac posetio drugu veb stranicu. <\/p>\n\n<p>Ove veb stranice mogu prikupljati podatke o vama, koristiti kola\u010dic\u0301e, ugra\u0111ivati dodatno prac\u0301enje trec\u0301ih strana i pratiti va\u0161u interakciju sa tim ugra\u0111enim sadr\u017eajem, uklju\u010dujuc\u0301i prac\u0301enje va\u0161e interakcije sa ugra\u0111enim sadr\u017eajem ako imate nalog i prijavljeni ste na tu veb stranicu.<\/p>\n\n<h2 class=\"wp-block-heading\">Sa kim delimo va\u0161e podatke<\/h2>\n\n<p><strong class=\"privacy-policy-tutorial\">Predlo\u017eeni tekst: <\/strong>Ako zahtevate resetovanje lozinke, va\u0161a IP adresa c\u0301e biti uklju\u010dena u imejl za resetovanje.<\/p>\n\n<h2 class=\"wp-block-heading\">Koliko dugo \u010duvamo va\u0161e podatke<\/h2>\n\n<p><strong class=\"privacy-policy-tutorial\">Predlo\u017eeni tekst:<\/strong> Ako ostavite komentar, komentar i njegovi metapodaci se \u010duvaju neograni\u010deno. To je da bismo mogli automatski da prepoznamo i odobrimo sve naknadne komentare umesto da ih dr\u017eimo u redu za moderiranje. <\/p>\n\n<p>Za korisnike koji se registruju na na\u0161oj veb stranici (ako ih ima), tako\u0111e \u010duvamo li\u010dne podatke koje dostave u njihovom korisni\u010dkom profilu. Svi korisnici mogu da vide, urede ili obri\u0161u svoje li\u010dne podatke u bilo kom trenutku (osim \u0161to ne mogu da promene svoje korisni\u010dko ime). Administratori veb stranice tako\u0111e mogu da vide i urede te podatke.  <\/p>\n\n<h2 class=\"wp-block-heading\">Koja prava imate nad svojim podacima<\/h2>\n\n<p><strong class=\"privacy-policy-tutorial\">Predlo\u017eeni tekst: <\/strong>Ako imate nalog na ovoj stranici ili ste ostavili komentare, mo\u017eete zatra\u017eiti da primite izvezenu datoteku li\u010dnih podataka koje imamo o vama, uklju\u010dujuc\u0301i sve podatke koje ste nam dostavili. Tako\u0111e mo\u017eete zatra\u017eiti da obri\u0161emo sve li\u010dne podatke koje imamo o vama. Ovo ne uklju\u010duje podatke koje smo du\u017eni da \u010duvamo u administrativne, pravne ili bezbednosne svrhe.  <\/p>\n\n<h2 class=\"wp-block-heading\">Gde se \u0161alju va\u0161i podaci<\/h2>\n\n<p><strong class=\"privacy-policy-tutorial\">Predlo\u017eeni tekst:<\/strong> Komentari posetilaca mogu biti provereni putem automatizovane usluge za otkrivanje spama.<\/p>\n","protected":false},"excerpt":{"rendered":"<p>Ko smo mi Predlo\u017eeni tekst: Our website address is: https:\/\/xorstudio.net. Komentari Predlo\u017eeni tekst: Kada posetioci ostave komentare na sajtu, prikupljamo podatke prikazane u obrascu za komentare, kao i IP adresu posetioca i niz korisni\u010dkog agenta pregleda\u010da kako bismo pomogli u otkrivanju spama. Anonimizovani string kreiran iz va\u0161e imejl adrese (tako\u0111e nazvan he\u0161) mo\u017ee biti dostavljen Gravatar servisu kako bi se videlo da li ga koristite. Politika privatnosti Gravatar servisa je dostupna ovde: https:\/\/automattic.com\/privacy\/. Nakon odobrenja va\u0161eg komentara, va\u0161a slika profila je vidljiva javnosti u kontekstu va\u0161eg komentara. Mediji Predlo\u017eeni tekst: Ako otpremate slike na veb lokaciju, trebalo bi da izbegavate otpremanje slika sa ugra\u0111enim podacima o lokaciji (EXIF GPS). Posetioci veb lokacije mogu da preuzmu i izdvoje bilo koje podatke o lokaciji sa slika na veb lokaciji. Kola\u010di\u0107i Predlo\u017eeni tekst: Ako ostavite komentar na na\u0161em sajtu, mo\u017eete se prijaviti za \u010duvanje va\u0161eg imena, adrese e-po\u0161te i veb-sajta u kola\u010dic\u0301ima. Oni su za va\u0161u udobnost kako ne biste morali ponovo da popunjavate svoje podatke kada ostavljate sledec\u0301i komentar. Ovi kola\u010dic\u0301i c\u0301e trajati godinu dana. Ako posetite na\u0161u stranicu za prijavu, postavic\u0301emo privremeni kola\u010dic\u0301 kako bismo utvrdili da li va\u0161 pregleda\u010d prihvata kola\u010dic\u0301e. Ovaj kola\u010dic\u0301 ne sadr\u017ei li\u010dne podatke i odbacuje se kada zatvorite pregleda\u010d. Kada se prijavite, podesic\u0301emo i nekoliko kola\u010dic\u0301a da bismo sa\u010duvali va\u0161e podatke za prijavu i va\u0161e izbore prikaza ekrana. Kola\u010dic\u0301i za prijavu traju dva dana, a kola\u010dic\u0301i za opcije ekrana traju godinu dana. Ako izaberete \u201eZapamti me\u201c, va\u0161a prijava c\u0301e trajati dve nedelje. Ako se odjavite sa svog naloga, kola\u010dic\u0301i za prijavu c\u0301e biti uklonjeni. Ako izmenite ili objavite \u010dlanak, dodatni kola\u010dic\u0301 c\u0301e biti sa\u010duvan u va\u0161em pregleda\u010du. Ovaj kola\u010dic\u0301 ne sadr\u017ei li\u010dne podatke i jednostavno ozna\u010dava ID objave \u010dlanka koji ste upravo izmenili. Isti\u010de nakon 1 dan. Ugra\u0111eni sadr\u017eaj sa drugih veb lokacija Predlo\u017eeni tekst: \u010clanci na ovoj stranici mogu da sadr\u017ee ugra\u0111eni sadr\u017eaj (npr. video zapise, slike, \u010dlanke itd.). Ugra\u0111eni sadr\u017eaj sa drugih veb stranica pona\u0161a se na potpuno isti na\u010din kao da je posetilac posetio drugu veb stranicu. Ove veb stranice mogu prikupljati podatke o vama, koristiti kola\u010dic\u0301e, ugra\u0111ivati dodatno prac\u0301enje trec\u0301ih strana i pratiti va\u0161u interakciju sa tim ugra\u0111enim sadr\u017eajem, uklju\u010dujuc\u0301i prac\u0301enje va\u0161e interakcije sa ugra\u0111enim sadr\u017eajem ako imate nalog i prijavljeni ste na tu veb stranicu. Sa kim delimo va\u0161e podatke Predlo\u017eeni tekst: Ako zahtevate resetovanje lozinke, va\u0161a IP adresa c\u0301e biti uklju\u010dena u imejl za resetovanje. Koliko dugo \u010duvamo va\u0161e podatke Predlo\u017eeni tekst: Ako ostavite komentar, komentar i njegovi metapodaci se \u010duvaju neograni\u010deno. To je da bismo mogli automatski da prepoznamo i odobrimo sve naknadne komentare umesto da ih dr\u017eimo u redu za moderiranje. Za korisnike koji se registruju na na\u0161oj veb stranici (ako ih ima), tako\u0111e \u010duvamo li\u010dne podatke koje dostave u njihovom korisni\u010dkom profilu. Svi korisnici mogu da vide, urede ili obri\u0161u svoje li\u010dne podatke u bilo kom trenutku (osim \u0161to ne mogu da promene svoje korisni\u010dko ime). Administratori veb stranice tako\u0111e mogu da vide i urede te podatke. Koja prava imate nad svojim podacima Predlo\u017eeni tekst: Ako imate nalog na ovoj stranici ili ste ostavili komentare, mo\u017eete zatra\u017eiti da primite izvezenu datoteku li\u010dnih podataka koje imamo o vama, uklju\u010dujuc\u0301i sve podatke koje ste nam dostavili. Tako\u0111e mo\u017eete zatra\u017eiti da obri\u0161emo sve li\u010dne podatke koje imamo o vama. Ovo ne uklju\u010duje podatke koje smo du\u017eni da \u010duvamo u administrativne, pravne ili bezbednosne svrhe. Gde se \u0161alju va\u0161i podaci Predlo\u017eeni tekst: Komentari posetilaca mogu biti provereni putem automatizovane usluge za otkrivanje spama.<\/p>\n","protected":false},"author":1,"featured_media":0,"parent":0,"menu_order":0,"comment_status":"closed","ping_status":"closed","template":"","meta":{"footnotes":""},"class_list":["post-4463","page","type-page","status-publish","hentry"],"yoast_head":"<!-- This site is optimized with the Yoast SEO plugin v27.4 - https:\/\/yoast.com\/product\/yoast-seo-wordpress\/ -->\n<title>Politika Privatnosti | Xor Studio<\/title>\n<meta name=\"robots\" content=\"index, follow, max-snippet:-1, max-image-preview:large, max-video-preview:-1\" \/>\n<link rel=\"canonical\" href=\"https:\/\/xorstudio.net\/sr\/politika-privatnosti\/\" \/>\n<meta property=\"og:locale\" content=\"sr_RS\" \/>\n<meta property=\"og:type\" content=\"article\" \/>\n<meta property=\"og:title\" content=\"Politika Privatnosti | Xor Studio\" \/>\n<meta property=\"og:description\" content=\"Ko smo mi Predlo\u017eeni tekst: Our website address is: https:\/\/xorstudio.net. Komentari Predlo\u017eeni tekst: Kada posetioci ostave komentare na sajtu, prikupljamo podatke prikazane u obrascu za komentare, kao i IP adresu posetioca i niz korisni\u010dkog agenta pregleda\u010da kako bismo pomogli u otkrivanju spama. Anonimizovani string kreiran iz va\u0161e imejl adrese (tako\u0111e nazvan he\u0161) mo\u017ee biti dostavljen Gravatar servisu kako bi se videlo da li ga koristite. Politika privatnosti Gravatar servisa je dostupna ovde: https:\/\/automattic.com\/privacy\/. Nakon odobrenja va\u0161eg komentara, va\u0161a slika profila je vidljiva javnosti u kontekstu va\u0161eg komentara. Mediji Predlo\u017eeni tekst: Ako otpremate slike na veb lokaciju, trebalo bi da izbegavate otpremanje slika sa ugra\u0111enim podacima o lokaciji (EXIF GPS). Posetioci veb lokacije mogu da preuzmu i izdvoje bilo koje podatke o lokaciji sa slika na veb lokaciji. Kola\u010di\u0107i Predlo\u017eeni tekst: Ako ostavite komentar na na\u0161em sajtu, mo\u017eete se prijaviti za \u010duvanje va\u0161eg imena, adrese e-po\u0161te i veb-sajta u kola\u010dic\u0301ima. Oni su za va\u0161u udobnost kako ne biste morali ponovo da popunjavate svoje podatke kada ostavljate sledec\u0301i komentar. Ovi kola\u010dic\u0301i c\u0301e trajati godinu dana. Ako posetite na\u0161u stranicu za prijavu, postavic\u0301emo privremeni kola\u010dic\u0301 kako bismo utvrdili da li va\u0161 pregleda\u010d prihvata kola\u010dic\u0301e. Ovaj kola\u010dic\u0301 ne sadr\u017ei li\u010dne podatke i odbacuje se kada zatvorite pregleda\u010d. Kada se prijavite, podesic\u0301emo i nekoliko kola\u010dic\u0301a da bismo sa\u010duvali va\u0161e podatke za prijavu i va\u0161e izbore prikaza ekrana. Kola\u010dic\u0301i za prijavu traju dva dana, a kola\u010dic\u0301i za opcije ekrana traju godinu dana. Ako izaberete \u201eZapamti me\u201c, va\u0161a prijava c\u0301e trajati dve nedelje. Ako se odjavite sa svog naloga, kola\u010dic\u0301i za prijavu c\u0301e biti uklonjeni. Ako izmenite ili objavite \u010dlanak, dodatni kola\u010dic\u0301 c\u0301e biti sa\u010duvan u va\u0161em pregleda\u010du. Ovaj kola\u010dic\u0301 ne sadr\u017ei li\u010dne podatke i jednostavno ozna\u010dava ID objave \u010dlanka koji ste upravo izmenili. Isti\u010de nakon 1 dan. Ugra\u0111eni sadr\u017eaj sa drugih veb lokacija Predlo\u017eeni tekst: \u010clanci na ovoj stranici mogu da sadr\u017ee ugra\u0111eni sadr\u017eaj (npr. video zapise, slike, \u010dlanke itd.). Ugra\u0111eni sadr\u017eaj sa drugih veb stranica pona\u0161a se na potpuno isti na\u010din kao da je posetilac posetio drugu veb stranicu. Ove veb stranice mogu prikupljati podatke o vama, koristiti kola\u010dic\u0301e, ugra\u0111ivati dodatno prac\u0301enje trec\u0301ih strana i pratiti va\u0161u interakciju sa tim ugra\u0111enim sadr\u017eajem, uklju\u010dujuc\u0301i prac\u0301enje va\u0161e interakcije sa ugra\u0111enim sadr\u017eajem ako imate nalog i prijavljeni ste na tu veb stranicu. Sa kim delimo va\u0161e podatke Predlo\u017eeni tekst: Ako zahtevate resetovanje lozinke, va\u0161a IP adresa c\u0301e biti uklju\u010dena u imejl za resetovanje. Koliko dugo \u010duvamo va\u0161e podatke Predlo\u017eeni tekst: Ako ostavite komentar, komentar i njegovi metapodaci se \u010duvaju neograni\u010deno. To je da bismo mogli automatski da prepoznamo i odobrimo sve naknadne komentare umesto da ih dr\u017eimo u redu za moderiranje. Za korisnike koji se registruju na na\u0161oj veb stranici (ako ih ima), tako\u0111e \u010duvamo li\u010dne podatke koje dostave u njihovom korisni\u010dkom profilu. Svi korisnici mogu da vide, urede ili obri\u0161u svoje li\u010dne podatke u bilo kom trenutku (osim \u0161to ne mogu da promene svoje korisni\u010dko ime). Administratori veb stranice tako\u0111e mogu da vide i urede te podatke. Koja prava imate nad svojim podacima Predlo\u017eeni tekst: Ako imate nalog na ovoj stranici ili ste ostavili komentare, mo\u017eete zatra\u017eiti da primite izvezenu datoteku li\u010dnih podataka koje imamo o vama, uklju\u010dujuc\u0301i sve podatke koje ste nam dostavili. Tako\u0111e mo\u017eete zatra\u017eiti da obri\u0161emo sve li\u010dne podatke koje imamo o vama. Ovo ne uklju\u010duje podatke koje smo du\u017eni da \u010duvamo u administrativne, pravne ili bezbednosne svrhe. Gde se \u0161alju va\u0161i podaci Predlo\u017eeni tekst: Komentari posetilaca mogu biti provereni putem automatizovane usluge za otkrivanje spama.\" \/>\n<meta property=\"og:url\" content=\"https:\/\/xorstudio.net\/sr\/politika-privatnosti\/\" \/>\n<meta property=\"og:site_name\" content=\"Xor Studio\" \/>\n<meta property=\"article:publisher\" content=\"https:\/\/www.facebook.com\/XorStudioWeb\/\" \/>\n<meta property=\"article:modified_time\" content=\"2025-06-04T10:01:38+00:00\" \/>\n<meta property=\"og:image\" content=\"https:\/\/xorstudio.net\/wp-content\/uploads\/2024\/08\/Home-page.png\" \/>\n\t<meta property=\"og:image:width\" content=\"1200\" \/>\n\t<meta property=\"og:image:height\" content=\"628\" \/>\n\t<meta property=\"og:image:type\" content=\"image\/png\" \/>\n<meta name=\"twitter:card\" content=\"summary_large_image\" \/>\n<meta name=\"twitter:label1\" content=\"\u041f\u0440\u043e\u0446\u0435\u045a\u0435\u043d\u043e \u0432\u0440\u0435\u043c\u0435 \u0447\u0438\u0442\u0430\u045a\u0430\" \/>\n\t<meta name=\"twitter:data1\" content=\"3 \u043c\u0438\u043d\u0443\u0442\u0430\" \/>\n<script type=\"application\/ld+json\" class=\"yoast-schema-graph\">{\"@context\":\"https:\\\/\\\/schema.org\",\"@graph\":[{\"@type\":\"WebPage\",\"@id\":\"https:\\\/\\\/xorstudio.net\\\/sr\\\/politika-privatnosti\\\/\",\"url\":\"https:\\\/\\\/xorstudio.net\\\/sr\\\/politika-privatnosti\\\/\",\"name\":\"Politika Privatnosti | Xor Studio\",\"isPartOf\":{\"@id\":\"https:\\\/\\\/xorstudio.net\\\/sr\\\/#website\"},\"datePublished\":\"2024-08-06T08:11:55+00:00\",\"dateModified\":\"2025-06-04T10:01:38+00:00\",\"breadcrumb\":{\"@id\":\"https:\\\/\\\/xorstudio.net\\\/sr\\\/politika-privatnosti\\\/#breadcrumb\"},\"inLanguage\":\"sr-RS\",\"potentialAction\":[{\"@type\":\"ReadAction\",\"target\":[\"https:\\\/\\\/xorstudio.net\\\/sr\\\/politika-privatnosti\\\/\"]}]},{\"@type\":\"BreadcrumbList\",\"@id\":\"https:\\\/\\\/xorstudio.net\\\/sr\\\/politika-privatnosti\\\/#breadcrumb\",\"itemListElement\":[{\"@type\":\"ListItem\",\"position\":1,\"name\":\"Home\",\"item\":\"https:\\\/\\\/xorstudio.net\\\/sr\\\/\"},{\"@type\":\"ListItem\",\"position\":2,\"name\":\"Politika Privatnosti\"}]},{\"@type\":\"WebSite\",\"@id\":\"https:\\\/\\\/xorstudio.net\\\/sr\\\/#website\",\"url\":\"https:\\\/\\\/xorstudio.net\\\/sr\\\/\",\"name\":\"Xor Studio\",\"description\":\"Web, AI, and Marketing\u2014Done Right.\",\"publisher\":{\"@id\":\"https:\\\/\\\/xorstudio.net\\\/sr\\\/#organization\"},\"potentialAction\":[{\"@type\":\"SearchAction\",\"target\":{\"@type\":\"EntryPoint\",\"urlTemplate\":\"https:\\\/\\\/xorstudio.net\\\/sr\\\/?s={search_term_string}\"},\"query-input\":{\"@type\":\"PropertyValueSpecification\",\"valueRequired\":true,\"valueName\":\"search_term_string\"}}],\"inLanguage\":\"sr-RS\"},{\"@type\":\"Organization\",\"@id\":\"https:\\\/\\\/xorstudio.net\\\/sr\\\/#organization\",\"name\":\"Xor Studio\",\"url\":\"https:\\\/\\\/xorstudio.net\\\/sr\\\/\",\"logo\":{\"@type\":\"ImageObject\",\"inLanguage\":\"sr-RS\",\"@id\":\"https:\\\/\\\/xorstudio.net\\\/sr\\\/#\\\/schema\\\/logo\\\/image\\\/\",\"url\":\"https:\\\/\\\/xorstudio.net\\\/wp-content\\\/uploads\\\/2024\\\/10\\\/XorStudio.svg\",\"contentUrl\":\"https:\\\/\\\/xorstudio.net\\\/wp-content\\\/uploads\\\/2024\\\/10\\\/XorStudio.svg\",\"width\":500,\"height\":200,\"caption\":\"Xor Studio\"},\"image\":{\"@id\":\"https:\\\/\\\/xorstudio.net\\\/sr\\\/#\\\/schema\\\/logo\\\/image\\\/\"},\"sameAs\":[\"https:\\\/\\\/www.facebook.com\\\/XorStudioWeb\\\/\",\"https:\\\/\\\/www.linkedin.com\\\/company\\\/xorstudio-company\\\/\"]}]}<\/script>\n<!-- \/ Yoast SEO plugin. -->","yoast_head_json":{"title":"Politika Privatnosti | Xor Studio","robots":{"index":"index","follow":"follow","max-snippet":"max-snippet:-1","max-image-preview":"max-image-preview:large","max-video-preview":"max-video-preview:-1"},"canonical":"https:\/\/xorstudio.net\/sr\/politika-privatnosti\/","og_locale":"sr_RS","og_type":"article","og_title":"Politika Privatnosti | Xor Studio","og_description":"Ko smo mi Predlo\u017eeni tekst: Our website address is: https:\/\/xorstudio.net. Komentari Predlo\u017eeni tekst: Kada posetioci ostave komentare na sajtu, prikupljamo podatke prikazane u obrascu za komentare, kao i IP adresu posetioca i niz korisni\u010dkog agenta pregleda\u010da kako bismo pomogli u otkrivanju spama. Anonimizovani string kreiran iz va\u0161e imejl adrese (tako\u0111e nazvan he\u0161) mo\u017ee biti dostavljen Gravatar servisu kako bi se videlo da li ga koristite. Politika privatnosti Gravatar servisa je dostupna ovde: https:\/\/automattic.com\/privacy\/. Nakon odobrenja va\u0161eg komentara, va\u0161a slika profila je vidljiva javnosti u kontekstu va\u0161eg komentara. Mediji Predlo\u017eeni tekst: Ako otpremate slike na veb lokaciju, trebalo bi da izbegavate otpremanje slika sa ugra\u0111enim podacima o lokaciji (EXIF GPS). Posetioci veb lokacije mogu da preuzmu i izdvoje bilo koje podatke o lokaciji sa slika na veb lokaciji. Kola\u010di\u0107i Predlo\u017eeni tekst: Ako ostavite komentar na na\u0161em sajtu, mo\u017eete se prijaviti za \u010duvanje va\u0161eg imena, adrese e-po\u0161te i veb-sajta u kola\u010dic\u0301ima. Oni su za va\u0161u udobnost kako ne biste morali ponovo da popunjavate svoje podatke kada ostavljate sledec\u0301i komentar. Ovi kola\u010dic\u0301i c\u0301e trajati godinu dana. Ako posetite na\u0161u stranicu za prijavu, postavic\u0301emo privremeni kola\u010dic\u0301 kako bismo utvrdili da li va\u0161 pregleda\u010d prihvata kola\u010dic\u0301e. Ovaj kola\u010dic\u0301 ne sadr\u017ei li\u010dne podatke i odbacuje se kada zatvorite pregleda\u010d. Kada se prijavite, podesic\u0301emo i nekoliko kola\u010dic\u0301a da bismo sa\u010duvali va\u0161e podatke za prijavu i va\u0161e izbore prikaza ekrana. Kola\u010dic\u0301i za prijavu traju dva dana, a kola\u010dic\u0301i za opcije ekrana traju godinu dana. Ako izaberete \u201eZapamti me\u201c, va\u0161a prijava c\u0301e trajati dve nedelje. Ako se odjavite sa svog naloga, kola\u010dic\u0301i za prijavu c\u0301e biti uklonjeni. Ako izmenite ili objavite \u010dlanak, dodatni kola\u010dic\u0301 c\u0301e biti sa\u010duvan u va\u0161em pregleda\u010du. Ovaj kola\u010dic\u0301 ne sadr\u017ei li\u010dne podatke i jednostavno ozna\u010dava ID objave \u010dlanka koji ste upravo izmenili. Isti\u010de nakon 1 dan. Ugra\u0111eni sadr\u017eaj sa drugih veb lokacija Predlo\u017eeni tekst: \u010clanci na ovoj stranici mogu da sadr\u017ee ugra\u0111eni sadr\u017eaj (npr. video zapise, slike, \u010dlanke itd.). Ugra\u0111eni sadr\u017eaj sa drugih veb stranica pona\u0161a se na potpuno isti na\u010din kao da je posetilac posetio drugu veb stranicu. Ove veb stranice mogu prikupljati podatke o vama, koristiti kola\u010dic\u0301e, ugra\u0111ivati dodatno prac\u0301enje trec\u0301ih strana i pratiti va\u0161u interakciju sa tim ugra\u0111enim sadr\u017eajem, uklju\u010dujuc\u0301i prac\u0301enje va\u0161e interakcije sa ugra\u0111enim sadr\u017eajem ako imate nalog i prijavljeni ste na tu veb stranicu. Sa kim delimo va\u0161e podatke Predlo\u017eeni tekst: Ako zahtevate resetovanje lozinke, va\u0161a IP adresa c\u0301e biti uklju\u010dena u imejl za resetovanje. Koliko dugo \u010duvamo va\u0161e podatke Predlo\u017eeni tekst: Ako ostavite komentar, komentar i njegovi metapodaci se \u010duvaju neograni\u010deno. To je da bismo mogli automatski da prepoznamo i odobrimo sve naknadne komentare umesto da ih dr\u017eimo u redu za moderiranje. Za korisnike koji se registruju na na\u0161oj veb stranici (ako ih ima), tako\u0111e \u010duvamo li\u010dne podatke koje dostave u njihovom korisni\u010dkom profilu. Svi korisnici mogu da vide, urede ili obri\u0161u svoje li\u010dne podatke u bilo kom trenutku (osim \u0161to ne mogu da promene svoje korisni\u010dko ime). Administratori veb stranice tako\u0111e mogu da vide i urede te podatke. Koja prava imate nad svojim podacima Predlo\u017eeni tekst: Ako imate nalog na ovoj stranici ili ste ostavili komentare, mo\u017eete zatra\u017eiti da primite izvezenu datoteku li\u010dnih podataka koje imamo o vama, uklju\u010dujuc\u0301i sve podatke koje ste nam dostavili. Tako\u0111e mo\u017eete zatra\u017eiti da obri\u0161emo sve li\u010dne podatke koje imamo o vama. Ovo ne uklju\u010duje podatke koje smo du\u017eni da \u010duvamo u administrativne, pravne ili bezbednosne svrhe. Gde se \u0161alju va\u0161i podaci Predlo\u017eeni tekst: Komentari posetilaca mogu biti provereni putem automatizovane usluge za otkrivanje spama.","og_url":"https:\/\/xorstudio.net\/sr\/politika-privatnosti\/","og_site_name":"Xor Studio","article_publisher":"https:\/\/www.facebook.com\/XorStudioWeb\/","article_modified_time":"2025-06-04T10:01:38+00:00","og_image":[{"width":1200,"height":628,"url":"https:\/\/xorstudio.net\/wp-content\/uploads\/2024\/08\/Home-page.png","type":"image\/png"}],"twitter_card":"summary_large_image","twitter_misc":{"\u041f\u0440\u043e\u0446\u0435\u045a\u0435\u043d\u043e \u0432\u0440\u0435\u043c\u0435 \u0447\u0438\u0442\u0430\u045a\u0430":"3 \u043c\u0438\u043d\u0443\u0442\u0430"},"schema":{"@context":"https:\/\/schema.org","@graph":[{"@type":"WebPage","@id":"https:\/\/xorstudio.net\/sr\/politika-privatnosti\/","url":"https:\/\/xorstudio.net\/sr\/politika-privatnosti\/","name":"Politika Privatnosti | Xor Studio","isPartOf":{"@id":"https:\/\/xorstudio.net\/sr\/#website"},"datePublished":"2024-08-06T08:11:55+00:00","dateModified":"2025-06-04T10:01:38+00:00","breadcrumb":{"@id":"https:\/\/xorstudio.net\/sr\/politika-privatnosti\/#breadcrumb"},"inLanguage":"sr-RS","potentialAction":[{"@type":"ReadAction","target":["https:\/\/xorstudio.net\/sr\/politika-privatnosti\/"]}]},{"@type":"BreadcrumbList","@id":"https:\/\/xorstudio.net\/sr\/politika-privatnosti\/#breadcrumb","itemListElement":[{"@type":"ListItem","position":1,"name":"Home","item":"https:\/\/xorstudio.net\/sr\/"},{"@type":"ListItem","position":2,"name":"Politika Privatnosti"}]},{"@type":"WebSite","@id":"https:\/\/xorstudio.net\/sr\/#website","url":"https:\/\/xorstudio.net\/sr\/","name":"Xor Studio","description":"Web, AI, and Marketing\u2014Done Right.","publisher":{"@id":"https:\/\/xorstudio.net\/sr\/#organization"},"potentialAction":[{"@type":"SearchAction","target":{"@type":"EntryPoint","urlTemplate":"https:\/\/xorstudio.net\/sr\/?s={search_term_string}"},"query-input":{"@type":"PropertyValueSpecification","valueRequired":true,"valueName":"search_term_string"}}],"inLanguage":"sr-RS"},{"@type":"Organization","@id":"https:\/\/xorstudio.net\/sr\/#organization","name":"Xor Studio","url":"https:\/\/xorstudio.net\/sr\/","logo":{"@type":"ImageObject","inLanguage":"sr-RS","@id":"https:\/\/xorstudio.net\/sr\/#\/schema\/logo\/image\/","url":"https:\/\/xorstudio.net\/wp-content\/uploads\/2024\/10\/XorStudio.svg","contentUrl":"https:\/\/xorstudio.net\/wp-content\/uploads\/2024\/10\/XorStudio.svg","width":500,"height":200,"caption":"Xor Studio"},"image":{"@id":"https:\/\/xorstudio.net\/sr\/#\/schema\/logo\/image\/"},"sameAs":["https:\/\/www.facebook.com\/XorStudioWeb\/","https:\/\/www.linkedin.com\/company\/xorstudio-company\/"]}]}},"_links":{"self":[{"href":"https:\/\/xorstudio.net\/sr\/wp-json\/wp\/v2\/pages\/4463","targetHints":{"allow":["GET"]}}],"collection":[{"href":"https:\/\/xorstudio.net\/sr\/wp-json\/wp\/v2\/pages"}],"about":[{"href":"https:\/\/xorstudio.net\/sr\/wp-json\/wp\/v2\/types\/page"}],"author":[{"embeddable":true,"href":"https:\/\/xorstudio.net\/sr\/wp-json\/wp\/v2\/users\/1"}],"replies":[{"embeddable":true,"href":"https:\/\/xorstudio.net\/sr\/wp-json\/wp\/v2\/comments?post=4463"}],"version-history":[{"count":0,"href":"https:\/\/xorstudio.net\/sr\/wp-json\/wp\/v2\/pages\/4463\/revisions"}],"wp:attachment":[{"href":"https:\/\/xorstudio.net\/sr\/wp-json\/wp\/v2\/media?parent=4463"}],"curies":[{"name":"wp","href":"https:\/\/api.w.org\/{rel}","templated":true}]}}